{"id":1481642,"date":"2025-11-26T15:26:08","date_gmt":"2025-11-26T14:26:08","guid":{"rendered":"https:\/\/new.stwpb.de\/?page_id=1481642"},"modified":"2026-03-04T11:35:02","modified_gmt":"2026-03-04T10:35:02","slug":"video-consultation","status":"publish","type":"page","link":"https:\/\/stwpb.de\/en\/bafoeg-co\/videosprechstunde\/","title":{"rendered":"Video consultation"},"content":{"rendered":"\n<div class=\"wp-block-group alignwide has-global-padding is-layout-constrained wp-block-group-is-layout-constrained\"><style>#gspb_row-id-gsbp-11fea7d{justify-content:space-between;margin-top:0px;margin-bottom:0px;display:flex;flex-wrap:wrap;}#gspb_row-id-gsbp-11fea7d > .gspb_row__content{display:flex;justify-content:space-between;margin:0 auto;width:100%;flex-wrap:wrap;}.gspb_row{position:relative;}div[id^=gspb_col-id]{box-sizing:border-box;position:relative;}div[id^=gspb_col-id]{padding:var(--gs-row-column-padding,15px min(3vw,20px));}#gspb_row-id-gsbp-11fea7d > .gspb_row__content{row-gap:2rem;}@media (max-width:990.98px){#gspb_row-id-gsbp-11fea7d > .gspb_row__content{row-gap:2rem;}}#gspb_row-id-gsbp-11fea7d{margin-top:0px;margin-right:0px;margin-bottom:0px;margin-left:0px;padding-top:0px;padding-right:0px;padding-bottom:0px;padding-left:0px;}<\/style>\n<div class=\"wp-block-greenshift-blocks-row alignwide gspb_row gspb_row-id-gsbp-11fea7d gspb_row--gutter-custom-0\" id=\"gspb_row-id-gsbp-11fea7d\"><div class=\"gspb_row__content\"> <style>#gspb_col-id-gsbp-3a65274.gspb_row__col--6{width:calc(50% - 3.5rem);}@media (max-width:1199.98px){#gspb_col-id-gsbp-3a65274.gspb_row__col--6{width:calc(50% - 3.5rem);}}@media (max-width:990.98px){#gspb_col-id-gsbp-3a65274.gspb_row__col--6{width:100%;}}@media (max-width:779.98px){#gspb_col-id-gsbp-3a65274.gspb_row__col--6{width:100%;}}.gspb_row #gspb_col-id-gsbp-3a65274.gspb_row__col--6{padding-top:0px;padding-right:0px;padding-bottom:0px;padding-left:0px;}body #gspb_col-id-gsbp-3a65274.gspb_row__col--6{display:flex;flex-direction:column;justify-content:center;}<\/style>\n<div class=\"wp-block-greenshift-blocks-row-column gspb_row__col--6 gspb_row__col--sm-12 gspb_col-id-gsbp-3a65274\" id=\"gspb_col-id-gsbp-3a65274\">\n<div class=\"wp-block-group has-global-padding is-layout-constrained wp-container-core-group-is-layout-3871579a wp-block-group-is-layout-constrained\" style=\"padding-right:0\">\n<div class=\"wp-block-group has-global-padding is-layout-constrained wp-container-core-group-is-layout-e0082cf6 wp-block-group-is-layout-constrained\">\n<h1 class=\"wp-block-heading has-large-font-size\" id=\"bafog-co\" style=\"text-transform:uppercase\"><strong>BAF\u00f6g &amp; Co.<\/strong><\/h1>\n\n\n\n<h2 class=\"wp-block-heading has-xx-large-font-size\" id=\"die-stwpb-kitas\" style=\"text-transform:uppercase\"><strong>Videosprechstunde<\/strong> \u2013 Du m\u00f6chtest dein Anliegen lieber <strong>online <\/strong>kl\u00e4ren?<\/h2>\n\n\n\n<p id=\"die-stwpb-kitas\">Sind BAf\u00f6G-Antr\u00e4ge manchmal zu kompliziert? Hast Du nur eine kurze Frage \u2013 oder brauchst Du eine ausf\u00fchrliche Beratung? Deine Vorlesung f\u00e4llt genau in unsere Beratungszeiten, oder der Weg zu uns ist einfach zu weit?<\/p>\n\n\n\n<p><strong>Kein Problem!<\/strong><\/p>\n\n\n\n<p id=\"die-stwpb-kitas\">Du kannst auch einen Termin f\u00fcr eine Videosprechstunde vereinbaren.<br>So kannst Du \u2013 ganz egal von wo \u2013 deine Fragen rund um die Studienfinanzierung schnell und unkompliziert kl\u00e4ren. F\u00fclle einfach das Kontaktformular unten aus, und wir melden uns mit einem passenden Termin bei dir.<\/p>\n<\/div>\n<\/div>\n<\/div>\n\n\n<style>#gspb_col-id-gsbp-d2d6141.gspb_row__col--6{width:calc(50% - 3.5rem);}@media (max-width:1199.98px){#gspb_col-id-gsbp-d2d6141.gspb_row__col--6{width:calc(50% - 3.5rem);}}@media (max-width:990.98px){#gspb_col-id-gsbp-d2d6141.gspb_row__col--6{width:100%;}}@media (max-width:779.98px){#gspb_col-id-gsbp-d2d6141.gspb_row__col--6{width:100%;}}.gspb_row #gspb_col-id-gsbp-d2d6141.gspb_row__col--6{padding-top:0px;padding-right:0px;padding-bottom:0px;padding-left:0px;}<\/style>\n<div class=\"wp-block-greenshift-blocks-row-column gspb_row__col--6 gspb_row__col--sm-12 gspb_col-id-gsbp-d2d6141\" id=\"gspb_col-id-gsbp-d2d6141\"><style>.gspb_container-id-gsbp-31aa4c2{flex-direction:column;box-sizing:border-box;}#gspb_container-id-gsbp-31aa4c2.gspb_container > p:last-of-type{margin-bottom:0}#gspb_container-id-gsbp-31aa4c2.gspb_container{position:relative;}#gspb_container-id-gsbp-31aa4c2.gspb_container{display:flex;flex-direction:row;flex-wrap:wrap;row-gap:3%;column-gap:3%;}#gspb_container-id-gsbp-31aa4c2.gspb_container > *:not(.block-editor-inner-blocks){flex-shrink:0;}<\/style>\n<div class=\"wp-block-greenshift-blocks-container gspb_container gspb_container-gsbp-31aa4c2 hero-section-img-gap\" id=\"gspb_container-id-gsbp-31aa4c2\"><style>.gspb_container-id-gsbp-95d1b56{flex-direction:column;box-sizing:border-box;}#gspb_container-id-gsbp-95d1b56.gspb_container > p:last-of-type{margin-bottom:0}#gspb_container-id-gsbp-95d1b56.gspb_container{position:relative;}body.gspb-bodyfront #gspb_container-id-gsbp-95d1b56.gspb_container{grid-column-start:1;grid-column-end:3;grid-row-start:1;grid-row-end:1;}@media (max-width:1199.98px){body.gspb-bodyfront #gspb_container-id-gsbp-95d1b56.gspb_container{grid-column-end:2;}}@media (max-width:990.98px){body.gspb-bodyfront #gspb_container-id-gsbp-95d1b56.gspb_container{grid-column-end:2;}}#gspb_container-id-gsbp-95d1b56.gspb_container{margin-bottom:3%;}body.gspb-bodyfront #gspb_container-id-gsbp-95d1b56.gspb_container{width:100%;}<\/style>\n<div class=\"wp-block-greenshift-blocks-container gspb_container gspb_container-gsbp-95d1b56\" id=\"gspb_container-id-gsbp-95d1b56\"><style>#gspb_image-id-gsbp-5690d0a{text-align:center;}#gspb_image-id-gsbp-5690d0a img{object-fit:cover;}#gspb_image-id-gsbp-5690d0a img{vertical-align:top;}#gspb_image-id-gsbp-5690d0a img{display:inline-block;box-sizing:border-box;max-width:100%;height:auto;}#gspb_image-id-gsbp-5690d0a img{border-top-left-radius:20px;border-top-right-radius:20px;border-bottom-right-radius:20px;border-bottom-left-radius:20px;}#gspb_image-id-gsbp-5690d0a img{width:60%;}#gspb_image-id-gsbp-5690d0a img{aspect-ratio:11 \/ 9;}@media (max-width:1199.98px){#gspb_image-id-gsbp-5690d0a img{aspect-ratio:11 \/ 9;}}@media (max-width:990.98px){#gspb_image-id-gsbp-5690d0a img{aspect-ratio:11 \/ 9;}}@media (max-width:779.98px){#gspb_image-id-gsbp-5690d0a img{aspect-ratio:11 \/ 9;}}#gspb_image-id-gsbp-5690d0a,#gspb_image-id-gsbp-5690d0a img{height:custom;}<\/style>\n<div class=\"wp-block-greenshift-blocks-image gspb_image gspb_image-id-gsbp-5690d0a\" id=\"gspb_image-id-gsbp-5690d0a\"><img decoding=\"async\" src=\"https:\/\/stwpb.de\/wp-content\/uploads\/baefoeg_arbeitsplatz_3.jpg\" data-src=\"\" alt=\"Ein Computerbildschirm zeigt ein Dokument mit BAf\u00f6G-Informationen, im Hintergrund B\u00fccher und eine Person.\" loading=\"lazy\" width=\"60%\"\/><\/div>\n<\/div>\n\n\n<style>.gspb_container-id-gsbp-89c58ed{flex-direction:column;box-sizing:border-box;}#gspb_container-id-gsbp-89c58ed.gspb_container > p:last-of-type{margin-bottom:0}#gspb_container-id-gsbp-89c58ed.gspb_container{position:relative;}body.gspb-bodyfront #gspb_container-id-gsbp-89c58ed.gspb_container{grid-column-start:1;grid-column-end:1;grid-row-start:2;grid-row-end:2;}@media (max-width:990.98px){body.gspb-bodyfront #gspb_container-id-gsbp-89c58ed.gspb_container{grid-column-end:3;grid-row-start:2;}}body.gspb-bodyfront #gspb_container-id-gsbp-89c58ed.gspb_container{width:48.5%;}<\/style>\n<div class=\"wp-block-greenshift-blocks-container gspb_container gspb_container-gsbp-89c58ed\" id=\"gspb_container-id-gsbp-89c58ed\"><style>#gspb_image-id-gsbp-2746023 img{object-fit:cover;}#gspb_image-id-gsbp-2746023 img{vertical-align:top;}#gspb_image-id-gsbp-2746023 img{display:inline-block;box-sizing:border-box;max-width:100%;height:auto;}#gspb_image-id-gsbp-2746023 img{border-top-left-radius:20px;border-top-right-radius:20px;border-bottom-right-radius:20px;border-bottom-left-radius:20px;}#gspb_image-id-gsbp-2746023 img{width:100%;}#gspb_image-id-gsbp-2746023 img{aspect-ratio:11 \/ 10;}@media (max-width:1199.98px){#gspb_image-id-gsbp-2746023 img{aspect-ratio:11 \/ 10;}}@media (max-width:990.98px){#gspb_image-id-gsbp-2746023 img{aspect-ratio:11 \/ 10;}}@media (max-width:779.98px){#gspb_image-id-gsbp-2746023 img{aspect-ratio:11 \/ 10;}}#gspb_image-id-gsbp-2746023,#gspb_image-id-gsbp-2746023 img{height:custom;}<\/style>\n<div class=\"wp-block-greenshift-blocks-image gspb_image gspb_image-id-gsbp-2746023\" id=\"gspb_image-id-gsbp-2746023\"><img decoding=\"async\" src=\"https:\/\/stwpb.de\/wp-content\/uploads\/baefoeg_arbeitsplatz_1.jpg\" data-src=\"\" alt=\"Eine Person nutzt ein Tablet, um den BAf\u00f6G-Antrag online auszuf\u00fcllen. Auf dem Bildschirm sind Informationen zu sehen.\" loading=\"lazy\" width=\"100%\"\/><\/div>\n<\/div>\n\n\n<style>.gspb_container-id-gsbp-cc9a71e{flex-direction:column;box-sizing:border-box;}#gspb_container-id-gsbp-cc9a71e.gspb_container > p:last-of-type{margin-bottom:0}#gspb_container-id-gsbp-cc9a71e.gspb_container{position:relative;}body.gspb-bodyfront #gspb_container-id-gsbp-cc9a71e.gspb_container{grid-column-start:2;grid-column-end:2;grid-row-start:2;grid-row-end:2;}@media (max-width:990.98px){body.gspb-bodyfront #gspb_container-id-gsbp-cc9a71e.gspb_container{grid-column-start:2;grid-column-end:2;}}body.gspb-bodyfront #gspb_container-id-gsbp-cc9a71e.gspb_container{width:48.5%;}<\/style>\n<div class=\"wp-block-greenshift-blocks-container gspb_container gspb_container-gsbp-cc9a71e\" id=\"gspb_container-id-gsbp-cc9a71e\"><style>#gspb_image-id-gsbp-142232c img{object-fit:cover;}#gspb_image-id-gsbp-142232c img{vertical-align:top;}#gspb_image-id-gsbp-142232c img{display:inline-block;box-sizing:border-box;max-width:100%;height:auto;}#gspb_image-id-gsbp-142232c img{border-top-left-radius:20px;border-top-right-radius:20px;border-bottom-right-radius:20px;border-bottom-left-radius:20px;}#gspb_image-id-gsbp-142232c img{width:100%;}@media (max-width:990.98px){#gspb_image-id-gsbp-142232c img{width:custom;}}#gspb_image-id-gsbp-142232c img{aspect-ratio:7 \/ 9;}@media (max-width:1199.98px){#gspb_image-id-gsbp-142232c img{aspect-ratio:7 \/ 9;}}@media (max-width:990.98px){#gspb_image-id-gsbp-142232c img{aspect-ratio:7 \/ 9;}}@media (max-width:779.98px){#gspb_image-id-gsbp-142232c img{aspect-ratio:7 \/ 9;}}#gspb_image-id-gsbp-142232c,#gspb_image-id-gsbp-142232c img{height:auto;}@media (max-width:1199.98px){#gspb_image-id-gsbp-142232c,#gspb_image-id-gsbp-142232c img{height:auto;}}@media (max-width:990.98px){#gspb_image-id-gsbp-142232c,#gspb_image-id-gsbp-142232c img{height:auto;}}@media (max-width:779.98px){#gspb_image-id-gsbp-142232c,#gspb_image-id-gsbp-142232c img{height:auto;}}<\/style>\n<div class=\"wp-block-greenshift-blocks-image gspb_image gspb_image-id-gsbp-142232c\" id=\"gspb_image-id-gsbp-142232c\"><img decoding=\"async\" src=\"https:\/\/stwpb.de\/wp-content\/uploads\/baefoeg_arbeitsplatz_2.jpg\" data-src=\"\" alt=\"H\u00e4nde tippen auf der Tastatur eines Laptops, der auf einem Tisch steht, mit einem gro\u00dfen Fenster im Hintergrund.\" loading=\"lazy\" width=\"100%\" height=\"1466\"\/><\/div>\n<\/div>\n<\/div>\n<\/div>\n <\/div><\/div>\n<\/div>\n\n\n\n<div class=\"wp-block-group alignwide is-layout-flow wp-block-group-is-layout-flow\">\n<h2 class=\"wp-block-heading alignwide\" id=\"hier-kannst-du-einen-termin-mit-uns-vereinbaren\" style=\"text-transform:uppercase\"><strong>Hier kannst du einen Termin mit uns vereinbaren<\/strong><\/h2>\n\n\n\n<div class=\"wp-block-group has-global-padding is-content-justification-left is-layout-constrained wp-container-core-group-is-layout-a34dabd2 wp-block-group-is-layout-constrained\"><div class='fluentform ff-default fluentform_wrapper_4  ff_guten_block ff_guten_block-4 ffs_custom_wrap'><form data-form_id=\"4\" id=\"fluentform_4\" class=\"frm-fluent-form fluent_form_4 ff-el-form-top ff_form_instance_4_1 ff-form-loading ffs_custom\" data-form_instance=\"ff_form_instance_4_1\" method=\"POST\" ><fieldset  style=\"border: none!important;margin: 0!important;padding: 0!important;background-color: transparent!important;box-shadow: none!important;outline: none!important; min-inline-size: 100%;\">\n                    <legend class=\"ff_screen_reader_title\" style=\"display: block; margin: 0!important;padding: 0!important;height: 0!important;text-indent: -999999px;width: 0!important;overflow:hidden;\">Anmeldung Videosprechstunde<\/legend><input type='hidden' name='__fluent_form_embded_post_id' value='1481642' \/><input type=\"hidden\" id=\"_fluentform_4_fluentformnonce\" name=\"_fluentform_4_fluentformnonce\" value=\"372ded4b2d\" \/><input type=\"hidden\" name=\"_wp_http_referer\" value=\"\/en\/wp-json\/wp\/v2\/pages\/1481642\" \/><div data-type=\"name-element\" data-name=\"names\" class=\" ff-field_container ff-name-field-wrapper\" ><div class='ff-t-container'><div class='ff-t-cell '><div class='ff-el-group'><div class=\"ff-el-input--label asterisk-right\"><label for='ff_4_names_first_name_' id='label_ff_4_names_first_name_' >Vorname<\/label><\/div><div class='ff-el-input--content'><input type=\"text\" name=\"names[first_name]\" id=\"ff_4_names_first_name_\" class=\"ff-el-form-control\" placeholder=\"Vorname\" aria-invalid=\"false\" aria-required=false><\/div><\/div><\/div><div class='ff-t-cell '><div class='ff-el-group'><div class=\"ff-el-input--label asterisk-right\"><label for='ff_4_names_last_name_' id='label_ff_4_names_last_name_' >Nachname<\/label><\/div><div class='ff-el-input--content'><input type=\"text\" name=\"names[last_name]\" id=\"ff_4_names_last_name_\" class=\"ff-el-form-control\" placeholder=\"Nachname\" aria-invalid=\"false\" aria-required=false><\/div><\/div><\/div><\/div><\/div><div class='ff-el-group'><div class=\"ff-el-input--label ff-el-is-required asterisk-right\"><label for='ff_4_email' id='label_ff_4_email' aria-label=\"E-Mail\">E-Mail<\/label><\/div><div class='ff-el-input--content'><input type=\"email\" name=\"email\" id=\"ff_4_email\" class=\"ff-el-form-control\" placeholder=\"Deine E-Mail-Adresse f\u00fcr Terminbest\u00e4tigung und Zugangsinfo*\" data-name=\"email\"  aria-invalid=\"false\" aria-required=true><\/div><\/div><div class='ff-el-group'><div class=\"ff-el-input--label ff-el-is-required asterisk-right\"><label for='ff_4_phone' id='label_ff_4_phone' aria-label=\"Telefonnummer\">Telefonnummer<\/label><\/div><div class='ff-el-input--content'><input name=\"phone\" class=\"ff-el-form-control ff-el-phone\" type=\"tel\" placeholder=\"Deine Telefonnummer f\u00fcr R\u00fcckfragen*\" data-name=\"phone\" id=\"ff_4_phone\" inputmode=\"tel\"  aria-invalid='false' aria-required=true><\/div><\/div><div class='ff-el-group'><div class=\"ff-el-input--label asterisk-right\"><label for='ff_4_subject' id='label_ff_4_subject' aria-label=\"F\u00f6rderungsnummer\">F\u00f6rderungsnummer<\/label><\/div><div class='ff-el-input--content'><input type=\"text\" name=\"subject\" class=\"ff-el-form-control\" placeholder=\"Deine F\u00f6rderungsnummer \u2013 falls schon bekannt\" data-name=\"subject\" id=\"ff_4_subject\"  aria-invalid=\"false\" aria-required=false><\/div><\/div><div class='ff-el-group'><div class=\"ff-el-input--label ff-el-is-required asterisk-right\"><label for='ff_4_message' id='label_ff_4_message' aria-label=\"Deine Nachricht\">Deine Nachricht<\/label><\/div><div class='ff-el-input--content'><textarea aria-required=\"true\" aria-labelledby=\"label_ff_4_message\" name=\"message\" id=\"ff_4_message\" class=\"ff-el-form-control\" placeholder=\"Deine Nachricht\" rows=\"4\" cols=\"2\" data-name=\"message\" ><\/textarea><\/div><\/div><div class='ff-el-group  ff-custom_html' tabindex='-1' data-name=\"custom_html-4_1\" ><p><strong>Drei Terminw\u00fcnsche Montag bis Freitag 09:00 \u2013 12:00 Uhr und 13:30 \u2013 16:00 Uhr*<\/strong><\/p><\/div><div class='ff-el-group'><div class=\"ff-el-input--label ff-el-is-required asterisk-right\"><label for='ff_4_datetime' id='label_ff_4_datetime' aria-label=\"1. Terminwunsch\">1. Terminwunsch<\/label><\/div><div class='ff-el-input--content'><input  aria-label='1. Terminwunsch Use arrow keys to navigate dates. Press enter to select a date.'  aria-haspopup='dialog' data-type-datepicker data-format='d\/m\/Y' type=\"text\" name=\"datetime\" id=\"ff_4_datetime\" class=\"ff-el-form-control ff-el-datepicker\" data-name=\"datetime\"  aria-invalid='false' aria-required=true><\/div><\/div><div class='ff-el-group'><div class=\"ff-el-input--label ff-el-is-required asterisk-right\"><label for='ff_4_datetime_1' id='label_ff_4_datetime_1' aria-label=\"2. Terminwunsch\">2. Terminwunsch<\/label><\/div><div class='ff-el-input--content'><input  aria-label='2. Terminwunsch Use arrow keys to navigate dates. Press enter to select a date.'  aria-haspopup='dialog' data-type-datepicker data-format='d\/m\/Y' type=\"text\" name=\"datetime_1\" id=\"ff_4_datetime_1\" class=\"ff-el-form-control ff-el-datepicker\" data-name=\"datetime_1\"  aria-invalid='false' aria-required=true><\/div><\/div><div class='ff-el-group'><div class=\"ff-el-input--label ff-el-is-required asterisk-right\"><label for='ff_4_datetime_2' id='label_ff_4_datetime_2' aria-label=\"3. Terminwunsch\">3. Terminwunsch<\/label><\/div><div class='ff-el-input--content'><input  aria-label='3. Terminwunsch Use arrow keys to navigate dates. Press enter to select a date.'  aria-haspopup='dialog' data-type-datepicker data-format='d\/m\/Y' type=\"text\" name=\"datetime_2\" id=\"ff_4_datetime_2\" class=\"ff-el-form-control ff-el-datepicker\" data-name=\"datetime_2\"  aria-invalid='false' aria-required=true><\/div><\/div><div class='ff-el-group    ff-el-input--content'><div class='ff-el-form-check ff-el-tc'><label aria-label='Terms and Conditions: Ich willige hiermit in die Verarbeitung meiner personenbezogenen Daten durch das Studierendenwerk Paderborn im Rahmen der Nutzung der Videosprechstunde ein. Ich kann diese Einwilligung ohne Angabe von Gr\u00fcnden jederzeit mit Wirkung f\u00fcr die Zukunft widerrufen. Genauere technische Informationen kann ich den Teilnahmeinformation \u00fcber den technischen Ablauf des Videoberatungsgespr\u00e4chs entnehmen. N\u00e4here Informationen zur Verarbeitung meiner personenbezogenen Daten finde ich in der Datenschutzerkl\u00e4rung f\u00fcr die Videosprechstunde zur Kenntnis genommen habe.*    Contains 2 links. Use tab navigation to review.' class='ff-el-form-check-label ff_tc_label' for=gdpr-agreement_2_d50b350b8fb086755142beb56f3f752f><span class='ff_tc_checkbox'><input type=\"checkbox\" name=\"gdpr-agreement_2\" class=\"ff-el-form-check-input ff_gdpr_field\" data-name=\"gdpr-agreement_2\" id=\"gdpr-agreement_2_d50b350b8fb086755142beb56f3f752f\"  value='on' aria-invalid='false' aria-required=true><\/span> <div class='ff_t_c'><p>Ich willige hiermit in die Verarbeitung meiner personenbezogenen Daten durch das Studierendenwerk Paderborn im Rahmen der Nutzung der Videosprechstunde ein. Ich kann diese Einwilligung ohne Angabe von Gr\u00fcnden jederzeit mit Wirkung f\u00fcr die Zukunft widerrufen. Genauere technische Informationen kann ich den <a href=\"https:\/\/stwpb.de\/wp-content\/uploads\/Handbuch_Teilnehmer.pdf\" rel=\"noopener\" target=\"_blank\">Teilnahmeinformation \u00fcber den technischen Ablauf des Videoberatungsgespr\u00e4chs <\/a>entnehmen. N\u00e4here Informationen zur Verarbeitung meiner personenbezogenen Daten finde ich in der <a href=\"https:\/\/stwpb.de\/datenschutzerklaerung\/#videosprechstunde\" rel=\"noopener\" target=\"_blank\">Datenschutzerkl\u00e4rung<\/a> f\u00fcr die Videosprechstunde zur Kenntnis genommen habe.* <\/p>  <\/div><\/label><\/div><\/div><div class='ff-el-group ff-text-right ff_submit_btn_wrapper'><button type=\"submit\" class=\"ff-btn ff-btn-submit ff-btn-lg ff_btn_style wpf_has_custom_css\"  aria-label=\"Absenden\">Absenden<\/button><\/div><\/fieldset><\/form><div id='fluentform_4_errors' class='ff-errors-in-stack ff_form_instance_4_1 ff-form-loading_errors ff_form_instance_4_1_errors'><\/div><\/div>            <script type=\"text\/javascript\">\n                window.fluent_form_ff_form_instance_4_1 = {\"id\":\"4\",\"settings\":{\"layout\":{\"labelPlacement\":\"top\",\"asteriskPlacement\":\"asterisk-right\",\"helpMessagePlacement\":\"with_label\",\"errorMessagePlacement\":\"inline\",\"cssClassName\":\"\"},\"restrictions\":{\"denyEmptySubmission\":{\"enabled\":false}}},\"form_instance\":\"ff_form_instance_4_1\",\"form_id_selector\":\"fluentform_4\",\"rules\":{\"names[first_name]\":{\"required\":{\"value\":false,\"message\":\"This field is required\",\"global\":true,\"global_message\":\"Dieses Feld ist erforderlich\"}},\"names[middle_name]\":{\"required\":{\"value\":false,\"message\":\"This field is required\",\"global\":true,\"global_message\":\"Dieses Feld ist erforderlich\"}},\"names[last_name]\":{\"required\":{\"value\":false,\"message\":\"This field is required\",\"global\":true,\"global_message\":\"Dieses Feld ist erforderlich\"}},\"email\":{\"required\":{\"value\":true,\"message\":\"This field is required\",\"global\":true,\"global_message\":\"Dieses Feld ist erforderlich\"},\"email\":{\"value\":true,\"message\":\"This field must contain a valid email\",\"global\":true,\"global_message\":\"Dieses Feld muss eine g\\u00fcltige E-Mail-Adresse enthalten\"}},\"phone\":{\"required\":{\"value\":true,\"global\":true,\"message\":\"This field is required\",\"global_message\":\"Dieses Feld ist erforderlich\"},\"valid_phone_number\":{\"value\":false,\"global\":true,\"message\":\"Phone number is not valid\",\"global_message\":\"Telefonnummer ist ung\\u00fcltig\"}},\"subject\":{\"required\":{\"value\":false,\"message\":\"This field is required\",\"global\":true,\"global_message\":\"Dieses Feld ist erforderlich\"}},\"message\":{\"required\":{\"value\":true,\"message\":\"This field is required\",\"global\":true,\"global_message\":\"Dieses Feld ist erforderlich\"}},\"datetime\":{\"required\":{\"value\":true,\"message\":\"This field is required\",\"global_message\":\"Dieses Feld ist erforderlich\",\"global\":true}},\"datetime_1\":{\"required\":{\"value\":true,\"message\":\"This field is required\",\"global_message\":\"Dieses Feld ist erforderlich\",\"global\":true}},\"datetime_2\":{\"required\":{\"value\":true,\"message\":\"This field is required\",\"global_message\":\"Dieses Feld ist erforderlich\",\"global\":true}},\"gdpr-agreement_2\":{\"required\":{\"value\":true,\"message\":\"This field is required\",\"global_message\":\"Dieses Feld ist erforderlich\",\"global\":true}}},\"debounce_time\":300};\n                            <\/script>\n            \n\n\n<p>* = Pflichtfelder<\/p>\n<\/div>\n<\/div>\n\n\n<style>#gspb_accordion-id-gsbp-9cc7234 .gs-accordion-item.gsclose > .gs-accordion-item__content{overflow:hidden;opacity:0;}#gspb_accordion-id-gsbp-9cc7234 .gs-accordion-item.gsopen > .gs-accordion-item__content{opacity:1;max-height:5000px}#gspb_accordion-id-gsbp-9cc7234 .gs-accordion-item > .gs-accordion-item__title > .gs-accordion-item__heading{outline:0;text-decoration:none;margin:0 !important;padding:0!important;flex-grow:1}#gspb_accordion-id-gsbp-9cc7234 .gs-accordion-item > .gs-accordion-item__title{z-index:1;margin:0;cursor:pointer;transition:all .3s ease-in-out;position:relative;display:flex;justify-content:space-between;align-items:center;flex-wrap:nowrap}#gspb_accordion-id-gsbp-9cc7234 .gs-accordion-item > .gs-accordion-item__content{z-index:0;position:relative;max-height:0;will-change:max-height;transition:all 0.25s ease-out;}#gspb_accordion-id-gsbp-9cc7234 .gs-accordion-item > .gs-accordion-item__title{border-top-style:solid;border-top-width:1px;border-top-color:var(--wp--preset--color--contrast,#000000);}#gspb_accordion-id-gsbp-9cc7234 .gs-accordion-item > .gs-accordion-item__title{border-bottom-style:solid;border-bottom-width:1px;border-bottom-color:var(--wp--preset--color--contrast,#000000);}#gspb_accordion-id-gsbp-9cc7234 .gs-accordion-item > .gs-accordion-item__title{font-weight:bold!important;}#gspb_accordion-id-gsbp-9cc7234 .gs-accordion-item__title > *{font-weight:bold!important;}#gspb_accordion-id-gsbp-9cc7234 .gs-accordion-item > .gs-accordion-item__content{background-color:#ffffff;}#gspb_accordion-id-gsbp-9cc7234 .gs-accordion-item > .gs-accordion-item__title span.iconfortoggle{margin-left:15px;}#gspb_accordion-id-gsbp-9cc7234 .gs-accordion-item{margin-bottom:-1px;}#gspb_accordion-id-gsbp-9cc7234 .gs-accordion-item > .gs-accordion-item__title{padding-top:15px;padding-right:20px;padding-bottom:15px;padding-left:0px;}#gspb_accordion-id-gsbp-9cc7234 .gs-accordion-item > .gs-accordion-item__content > .gs-accordion-item__text{padding-top:15px;padding-right:20px;padding-bottom:15px;padding-left:0px;}#gspb_accordion-id-gsbp-9cc7234 .gs-accordion-item > .gs-accordion-item__title span.iconfortoggle{display:inline-block;height:14px;width:14px;position:relative}.gs-accordion .gs-accordion-item.gsopen .gs-accordion-item__title .gs-iconafter{transform:rotate(0)}.gs-accordion .gs-accordion-item__title span.iconfortoggle .gs-iconbefore{content:'';width:14px;height:2px;border-radius:2px;background-color:#111;position:absolute;top:6px;left:0}.gs-accordion .gs-accordion-item__title span.iconfortoggle .gs-iconafter{content:'';width:14px;height:2px;border-radius:2px;background-color:#111;position:absolute;top:6px;transform:rotate(90deg);transition:all .3s ease-in-out;left:0}<\/style>","protected":false},"excerpt":{"rendered":"<p>You can make an appointment with us here * = mandatory fields<\/p>","protected":false},"author":1,"featured_media":0,"parent":1003,"menu_order":0,"comment_status":"closed","ping_status":"closed","template":"","meta":{"_acf_changed":false,"_gspb_post_css":"","footnotes":""},"class_list":["post-1481642","page","type-page","status-publish","hentry"],"acf":[],"_links":{"self":[{"href":"https:\/\/stwpb.de\/en\/wp-json\/wp\/v2\/pages\/1481642","targetHints":{"allow":["GET"]}}],"collection":[{"href":"https:\/\/stwpb.de\/en\/wp-json\/wp\/v2\/pages"}],"about":[{"href":"https:\/\/stwpb.de\/en\/wp-json\/wp\/v2\/types\/page"}],"author":[{"embeddable":true,"href":"https:\/\/stwpb.de\/en\/wp-json\/wp\/v2\/users\/1"}],"replies":[{"embeddable":true,"href":"https:\/\/stwpb.de\/en\/wp-json\/wp\/v2\/comments?post=1481642"}],"version-history":[{"count":17,"href":"https:\/\/stwpb.de\/en\/wp-json\/wp\/v2\/pages\/1481642\/revisions"}],"predecessor-version":[{"id":1485512,"href":"https:\/\/stwpb.de\/en\/wp-json\/wp\/v2\/pages\/1481642\/revisions\/1485512"}],"up":[{"embeddable":true,"href":"https:\/\/stwpb.de\/en\/wp-json\/wp\/v2\/pages\/1003"}],"wp:attachment":[{"href":"https:\/\/stwpb.de\/en\/wp-json\/wp\/v2\/media?parent=1481642"}],"curies":[{"name":"wp","href":"https:\/\/api.w.org\/{rel}","templated":true}]}}